{"id":1185,"date":"2020-08-14T09:15:34","date_gmt":"2020-08-14T09:15:34","guid":{"rendered":"https:\/\/hatha.qodeinteractive.com\/?page_id=1185"},"modified":"2020-08-14T09:15:34","modified_gmt":"2020-08-14T09:15:34","slug":"contact-us","status":"publish","type":"page","link":"https:\/\/new.bogactwoobfitosci.pl\/index.php\/contact-us\/","title":{"rendered":"Contact Us"},"content":{"rendered":"\t\t<div data-elementor-type=\"wp-page\" data-elementor-id=\"1185\" class=\"elementor elementor-1185\">\n\t\t\t\t\t\t<section class=\"elementor-section elementor-top-section elementor-element elementor-element-d25a34d elementor-section-full_width qodef-elementor-content-grid elementor-section-height-default elementor-section-height-default\" data-id=\"d25a34d\" data-element_type=\"section\">\n\t\t\t\t\t\t<div class=\"elementor-container elementor-column-gap-default\">\n\t\t\t\t\t<div class=\"elementor-column elementor-col-50 elementor-top-column elementor-element elementor-element-0a4bd2c\" data-id=\"0a4bd2c\" data-element_type=\"column\">\n\t\t\t<div class=\"elementor-widget-wrap elementor-element-populated\">\n\t\t\t\t\t\t<div class=\"elementor-element elementor-element-7777244 elementor-widget elementor-widget-hatha_core_google_map\" data-id=\"7777244\" data-element_type=\"widget\" data-widget_type=\"hatha_core_google_map.default\">\n\t\t\t\t<div class=\"elementor-widget-container\">\n\t\t\t\t\t<div class=\"qodef-shortcode qodef-m qodef-google-map\">\n\t<div class=\"qodef-m-map\" id=\"qodef-map-id--483\" data-addresses='[\"2-38 San Jacinto Way San Francisko, CA 94127 USA\"]' data-pin=https:\/\/new.bogactwoobfitosci.pl\/wp-content\/uploads\/2020\/10\/Map-icon1.png data-unique-id=483 data-height=602px><\/div>\n<\/div>\t\t\t\t<\/div>\n\t\t\t\t<\/div>\n\t\t\t\t\t<\/div>\n\t\t<\/div>\n\t\t\t\t<div class=\"elementor-column elementor-col-50 elementor-top-column elementor-element elementor-element-e6ce330\" data-id=\"e6ce330\" data-element_type=\"column\">\n\t\t\t<div class=\"elementor-widget-wrap elementor-element-populated\">\n\t\t\t\t\t\t<div class=\"elementor-element elementor-element-c0a0c0c elementor-widget elementor-widget-hatha_core_section_title\" data-id=\"c0a0c0c\" data-element_type=\"widget\" data-widget_type=\"hatha_core_section_title.default\">\n\t\t\t\t<div class=\"elementor-widget-container\">\n\t\t\t\t\t<div class=\"qodef-shortcode qodef-m qodef-section-title qodef-alignment--left\">\n\t\t<h3 class=\"qodef-m-title\" >\n\t\t\t\t\tYoga studio <span class=\"qodef-m-title--different-color\" style=\"color: #878aec\">San<\/span> <span class=\"qodef-m-title--different-color\" style=\"color: #878aec\">Francisco<\/span>\t\t\t<\/h3>\n\t<\/div>\t\t\t\t<\/div>\n\t\t\t\t<\/div>\n\t\t\t\t<section class=\"elementor-section elementor-inner-section elementor-element elementor-element-9b7f61b elementor-section-full_width elementor-section-height-default elementor-section-height-default qodef-elementor-content-no\" data-id=\"9b7f61b\" data-element_type=\"section\">\n\t\t\t\t\t\t<div class=\"elementor-container elementor-column-gap-default\">\n\t\t\t\t\t<div class=\"elementor-column elementor-col-50 elementor-inner-column elementor-element elementor-element-af91d43\" data-id=\"af91d43\" data-element_type=\"column\">\n\t\t\t<div class=\"elementor-widget-wrap elementor-element-populated\">\n\t\t\t\t\t\t<div class=\"elementor-element elementor-element-e0276df elementor-widget elementor-widget-text-editor\" data-id=\"e0276df\" data-element_type=\"widget\" data-widget_type=\"text-editor.default\">\n\t\t\t\t\t\t\t\t\t<a href=\"https:\/\/www.google.com\/maps\/place\/2+San+Jacinto+Way,+San+Francisco,+CA+94127,+USA\/@37.7356709,-122.4660016,17z\/data=!3m1!4b1!4m5!3m4!1s0x808f7dc3fcf2f82d:0x451adc55c437bc5b!8m2!3d37.7356709!4d-122.4638129\" target=\";\">2-38 San Jacinto Way<br\/>\nSan Francisco, CA 94127<br\/>\nUSA\n<\/a>\n\t\t\t\t\t\t\t\t<\/div>\n\t\t\t\t\t<\/div>\n\t\t<\/div>\n\t\t\t\t<div class=\"elementor-column elementor-col-50 elementor-inner-column elementor-element elementor-element-5b8c88d\" data-id=\"5b8c88d\" data-element_type=\"column\">\n\t\t\t<div class=\"elementor-widget-wrap elementor-element-populated\">\n\t\t\t\t\t\t<div class=\"elementor-element elementor-element-c3b6999 elementor-widget elementor-widget-text-editor\" data-id=\"c3b6999\" data-element_type=\"widget\" data-widget_type=\"text-editor.default\">\n\t\t\t\t\t\t\t\t\t<a href=\"tel:850225639;\">Phone: +85 (0)225 639<\/a>\t\t\t\t\t\t\t\t<\/div>\n\t\t\t\t<div class=\"elementor-element elementor-element-e77a667 elementor-widget elementor-widget-text-editor\" data-id=\"e77a667\" data-element_type=\"widget\" data-widget_type=\"text-editor.default\">\n\t\t\t\t\t\t\t\t\t<a href=\"tel:850225639;\">Cell: +85 (0) 225 639<\/a>\t\t\t\t\t\t\t\t<\/div>\n\t\t\t\t<div class=\"elementor-element elementor-element-b54c4b2 elementor-widget elementor-widget-text-editor\" data-id=\"b54c4b2\" data-element_type=\"widget\" data-widget_type=\"text-editor.default\">\n\t\t\t\t\t\t\t\t\t<a href=\"mailto:hatha@yogaqodeinteractive.com;\">hatha@yogaqodeinteractive.com<\/a>\t\t\t\t\t\t\t\t<\/div>\n\t\t\t\t\t<\/div>\n\t\t<\/div>\n\t\t\t\t\t<\/div>\n\t\t<\/section>\n\t\t\t\t<div class=\"elementor-element elementor-element-a2302cd elementor-widget elementor-widget-wp-widget-hatha_core_contact_form_7\" data-id=\"a2302cd\" data-element_type=\"widget\" data-widget_type=\"wp-widget-hatha_core_contact_form_7.default\">\n\t\t\t\t<div class=\"elementor-widget-container\">\n\t\t\t\t\t\t\t\t<div class=\"qodef-contact-form-7\">\n\t\t\t\t<p class=\"wpcf7-contact-form-not-found\"><strong>B\u0142\u0105d:<\/strong> Brak formularza kontaktowego.<\/p>\t\t\t<\/div>\n\t\t\t\t\t\t\t<\/div>\n\t\t\t\t<\/div>\n\t\t\t\t\t<\/div>\n\t\t<\/div>\n\t\t\t\t\t<\/div>\n\t\t<\/section>\n\t\t\t\t<section class=\"elementor-section elementor-top-section elementor-element elementor-element-d110521 elementor-section-full_width elementor-section-height-default elementor-section-height-default qodef-elementor-content-no\" data-id=\"d110521\" data-element_type=\"section\" data-settings=\"{&quot;background_background&quot;:&quot;classic&quot;}\">\n\t\t\t\t\t\t<div class=\"elementor-container elementor-column-gap-default\">\n\t\t\t\t\t<div class=\"elementor-column elementor-col-100 elementor-top-column elementor-element elementor-element-a8deb02\" data-id=\"a8deb02\" data-element_type=\"column\">\n\t\t\t<div class=\"elementor-widget-wrap elementor-element-populated\">\n\t\t\t\t\t\t<div class=\"elementor-element elementor-element-daa1814 elementor-widget__width-initial elementor-widget-mobile__width-inherit elementor-widget elementor-widget-hatha_core_instagram_list\" data-id=\"daa1814\" data-element_type=\"widget\" data-widget_type=\"hatha_core_instagram_list.default\">\n\t\t\t\t<div class=\"elementor-widget-container\">\n\t\t\t\t\t<div class=\"qodef-shortcode qodef-m qodef-instagram-list qodef-gutter--no qodef-col-num--6\">\n\t\t\t<div id=\"sbi_mod_error\" >\n\t\t\t<span>Ten komunikat o b\u0142\u0119dzie jest widoczny tylko dla administrator\u00f3w WordPressa<\/span><br\/>\n\t\t\t<p><strong>B\u0142\u0105d: nie znaleziono kana\u0142u.<\/strong>\n\t\t\t<p>Przejd\u017a na stron\u0119 ustawie\u0144 kana\u0142u Instagramu, aby utworzy\u0107 kana\u0142.<\/p>\n\t\t<\/div>\n\t\t<\/div>\t\t\t\t<\/div>\n\t\t\t\t<\/div>\n\t\t\t\t\t<\/div>\n\t\t<\/div>\n\t\t\t\t\t<\/div>\n\t\t<\/section>\n\t\t\t\t<\/div>\n\t\t","protected":false},"excerpt":{"rendered":"<p>Yoga studio San Francisco 2-38 San Jacinto Way San Francisco, CA 94127 USA Phone: +85 (0)225 639Cell: +85 (0) 225 639hatha@yogaqodeinteractive.com Instagram post 17855024225173178 Instagram post 18156992011044789 Instagram post 17938409491387417 Instagram post 17869602490909423 Instagram post 17849543351247463 Instagram post 18081228970201849<\/p>\n","protected":false},"author":1,"featured_media":0,"parent":0,"menu_order":0,"comment_status":"closed","ping_status":"closed","template":"page-full-width.php","meta":{"_acf_changed":false,"footnotes":""},"class_list":["post-1185","page","type-page","status-publish","hentry"],"acf":[],"jetpack_sharing_enabled":true,"_links":{"self":[{"href":"https:\/\/new.bogactwoobfitosci.pl\/index.php\/wp-json\/wp\/v2\/pages\/1185","targetHints":{"allow":["GET"]}}],"collection":[{"href":"https:\/\/new.bogactwoobfitosci.pl\/index.php\/wp-json\/wp\/v2\/pages"}],"about":[{"href":"https:\/\/new.bogactwoobfitosci.pl\/index.php\/wp-json\/wp\/v2\/types\/page"}],"author":[{"embeddable":true,"href":"https:\/\/new.bogactwoobfitosci.pl\/index.php\/wp-json\/wp\/v2\/users\/1"}],"replies":[{"embeddable":true,"href":"https:\/\/new.bogactwoobfitosci.pl\/index.php\/wp-json\/wp\/v2\/comments?post=1185"}],"version-history":[{"count":0,"href":"https:\/\/new.bogactwoobfitosci.pl\/index.php\/wp-json\/wp\/v2\/pages\/1185\/revisions"}],"wp:attachment":[{"href":"https:\/\/new.bogactwoobfitosci.pl\/index.php\/wp-json\/wp\/v2\/media?parent=1185"}],"curies":[{"name":"wp","href":"https:\/\/api.w.org\/{rel}","templated":true}]}}